{"id":51,"date":"2019-07-09T14:23:00","date_gmt":"2019-07-09T12:23:00","guid":{"rendered":"http:\/\/www.niugreen.es\/bateaux\/onepage\/"},"modified":"2026-02-09T13:50:19","modified_gmt":"2026-02-09T12:50:19","slug":"reformas-sostenibles-barcelona","status":"publish","type":"page","link":"https:\/\/www.niugreen.es\/es\/","title":{"rendered":"Reformas Sostenibles Barcelona"},"content":{"rendered":"<p>&nbsp;<\/p>\n<p>Reformas Sostenibles Barcelona<\/p>","protected":false},"excerpt":{"rendered":"<p>&nbsp; Reformas Sostenibles Barcelona<\/p>\n","protected":false},"author":2,"featured_media":0,"parent":0,"menu_order":0,"comment_status":"closed","ping_status":"closed","template":"","meta":[],"yoast_head":"<!-- This site is optimized with the Yoast SEO plugin v20.7 - https:\/\/yoast.com\/wordpress\/plugins\/seo\/ -->\n<title>Reformas Sostenibles Barcelona : Niu Green<\/title>\n<meta name=\"description\" content=\"Especialistas en reformas integrales sostenibles. Desde el dise\u00f1o hasta la ejecuci\u00f3n, optimizamos tu espacio con tecnolog\u00eda, ahorro energ\u00e9tico y compromiso medioambiental. Vive o trabaja mejor.\" \/>\n<meta name=\"robots\" content=\"index, follow, max-snippet:-1, max-image-preview:large, max-video-preview:-1\" \/>\n<link rel=\"canonical\" href=\"https:\/\/www.niugreen.es\/\" \/>\n<meta property=\"og:locale\" content=\"es_ES\" \/>\n<meta property=\"og:type\" content=\"article\" \/>\n<meta property=\"og:title\" content=\"[:ca]Blueprint Page[:es]Reformas Sostenibles Barcelona[:] : Niu Green\" \/>\n<meta property=\"og:description\" content=\"Especialistas en reformas integrales sostenibles. Desde el dise\u00f1o hasta la ejecuci\u00f3n, optimizamos tu espacio con tecnolog\u00eda, ahorro energ\u00e9tico y compromiso medioambiental. Vive o trabaja mejor.\" \/>\n<meta property=\"og:url\" content=\"https:\/\/www.niugreen.es\/\" \/>\n<meta property=\"og:site_name\" content=\"Niu Green\" \/>\n<meta property=\"article:publisher\" content=\"https:\/\/www.facebook.com\/niugreen.bcn\/?view_public_for=562042100831833\" \/>\n<meta property=\"article:modified_time\" content=\"2026-02-09T12:50:19+00:00\" \/>\n<meta name=\"twitter:card\" content=\"summary_large_image\" \/>\n<meta name=\"twitter:site\" content=\"@projecteatic\" \/>\n<meta name=\"twitter:label1\" content=\"Tiempo de lectura\" \/>\n\t<meta name=\"twitter:data1\" content=\"1 minuto\" \/>\n<script type=\"application\/ld+json\" class=\"yoast-schema-graph\">{\"@context\":\"https:\/\/schema.org\",\"@graph\":[{\"@type\":\"WebPage\",\"@id\":\"https:\/\/www.niugreen.es\/\",\"url\":\"https:\/\/www.niugreen.es\/\",\"name\":\"[:ca]Blueprint Page[:es]Reformas Sostenibles Barcelona[:] : Niu Green\",\"isPartOf\":{\"@id\":\"https:\/\/www.niugreen.es\/es\/#website\"},\"datePublished\":\"2019-07-09T12:23:00+00:00\",\"dateModified\":\"2026-02-09T12:50:19+00:00\",\"description\":\"Especialistas en reformas integrales sostenibles. Desde el dise\u00f1o hasta la ejecuci\u00f3n, optimizamos tu espacio con tecnolog\u00eda, ahorro energ\u00e9tico y compromiso medioambiental. Vive o trabaja mejor.\",\"breadcrumb\":{\"@id\":\"https:\/\/www.niugreen.es\/#breadcrumb\"},\"inLanguage\":\"es\",\"potentialAction\":[{\"@type\":\"ReadAction\",\"target\":[\"https:\/\/www.niugreen.es\/\"]}]},{\"@type\":\"BreadcrumbList\",\"@id\":\"https:\/\/www.niugreen.es\/#breadcrumb\",\"itemListElement\":[{\"@type\":\"ListItem\",\"position\":1,\"name\":\"Portada\",\"item\":\"https:\/\/www.niugreen.es\/\"},{\"@type\":\"ListItem\",\"position\":2,\"name\":\"Reformas Sostenibles Barcelona\"}]},{\"@type\":\"WebSite\",\"@id\":\"https:\/\/www.niugreen.es\/es\/#website\",\"url\":\"https:\/\/www.niugreen.es\/es\/\",\"name\":\"Niu Green\",\"description\":\"\",\"publisher\":{\"@id\":\"https:\/\/www.niugreen.es\/es\/#organization\"},\"potentialAction\":[{\"@type\":\"SearchAction\",\"target\":{\"@type\":\"EntryPoint\",\"urlTemplate\":\"https:\/\/www.niugreen.es\/es\/?s={search_term_string}\"},\"query-input\":\"required name=search_term_string\"}],\"inLanguage\":\"es\"},{\"@type\":\"Organization\",\"@id\":\"https:\/\/www.niugreen.es\/es\/#organization\",\"name\":\"Niu Green\",\"url\":\"https:\/\/www.niugreen.es\/es\/\",\"logo\":{\"@type\":\"ImageObject\",\"inLanguage\":\"es\",\"@id\":\"https:\/\/www.niugreen.es\/es\/#\/schema\/logo\/image\/\",\"url\":\"https:\/\/www.niugreen.es\/wp-content\/uploads\/2019\/09\/Niugreen_reforma_sostenible.jpg\",\"contentUrl\":\"https:\/\/www.niugreen.es\/wp-content\/uploads\/2019\/09\/Niugreen_reforma_sostenible.jpg\",\"width\":640,\"height\":969,\"caption\":\"Niu Green\"},\"image\":{\"@id\":\"https:\/\/www.niugreen.es\/es\/#\/schema\/logo\/image\/\"},\"sameAs\":[\"https:\/\/www.facebook.com\/niugreen.bcn\/?view_public_for=562042100831833\",\"https:\/\/twitter.com\/projecteatic\",\"https:\/\/www.instagram.com\/niugreen.bcn\/\",\"https:\/\/www.linkedin.com\/company\/niugreen\",\"https:\/\/www.youtube.com\/channel\/UCbKeg54t5Zv-9TsOuTLzi4Q\"]}]}<\/script>\n<!-- \/ Yoast SEO plugin. -->","yoast_head_json":{"title":"[:ca]Blueprint Page[:es]Reformas Sostenibles Barcelona[:] : Niu Green","description":"Especialistas en reformas integrales sostenibles. Desde el dise\u00f1o hasta la ejecuci\u00f3n, optimizamos tu espacio con tecnolog\u00eda, ahorro energ\u00e9tico y compromiso medioambiental. Vive o trabaja mejor.","robots":{"index":"index","follow":"follow","max-snippet":"max-snippet:-1","max-image-preview":"max-image-preview:large","max-video-preview":"max-video-preview:-1"},"canonical":"https:\/\/www.niugreen.es\/","og_locale":"es_ES","og_type":"article","og_title":"[:ca]Blueprint Page[:es]Reformas Sostenibles Barcelona[:] : Niu Green","og_description":"Especialistas en reformas integrales sostenibles. Desde el dise\u00f1o hasta la ejecuci\u00f3n, optimizamos tu espacio con tecnolog\u00eda, ahorro energ\u00e9tico y compromiso medioambiental. Vive o trabaja mejor.","og_url":"https:\/\/www.niugreen.es\/","og_site_name":"Niu Green","article_publisher":"https:\/\/www.facebook.com\/niugreen.bcn\/?view_public_for=562042100831833","article_modified_time":"2026-02-09T12:50:19+00:00","twitter_card":"summary_large_image","twitter_site":"@projecteatic","twitter_misc":{"Tiempo de lectura":"1 minuto"},"schema":{"@context":"https:\/\/schema.org","@graph":[{"@type":"WebPage","@id":"https:\/\/www.niugreen.es\/","url":"https:\/\/www.niugreen.es\/","name":"[:ca]Blueprint Page[:es]Reformas Sostenibles Barcelona[:] : Niu Green","isPartOf":{"@id":"https:\/\/www.niugreen.es\/es\/#website"},"datePublished":"2019-07-09T12:23:00+00:00","dateModified":"2026-02-09T12:50:19+00:00","description":"Especialistas en reformas integrales sostenibles. Desde el dise\u00f1o hasta la ejecuci\u00f3n, optimizamos tu espacio con tecnolog\u00eda, ahorro energ\u00e9tico y compromiso medioambiental. Vive o trabaja mejor.","breadcrumb":{"@id":"https:\/\/www.niugreen.es\/#breadcrumb"},"inLanguage":"es","potentialAction":[{"@type":"ReadAction","target":["https:\/\/www.niugreen.es\/"]}]},{"@type":"BreadcrumbList","@id":"https:\/\/www.niugreen.es\/#breadcrumb","itemListElement":[{"@type":"ListItem","position":1,"name":"Portada","item":"https:\/\/www.niugreen.es\/"},{"@type":"ListItem","position":2,"name":"Reformas Sostenibles Barcelona"}]},{"@type":"WebSite","@id":"https:\/\/www.niugreen.es\/es\/#website","url":"https:\/\/www.niugreen.es\/es\/","name":"Niu Green","description":"","publisher":{"@id":"https:\/\/www.niugreen.es\/es\/#organization"},"potentialAction":[{"@type":"SearchAction","target":{"@type":"EntryPoint","urlTemplate":"https:\/\/www.niugreen.es\/es\/?s={search_term_string}"},"query-input":"required name=search_term_string"}],"inLanguage":"es"},{"@type":"Organization","@id":"https:\/\/www.niugreen.es\/es\/#organization","name":"Niu Green","url":"https:\/\/www.niugreen.es\/es\/","logo":{"@type":"ImageObject","inLanguage":"es","@id":"https:\/\/www.niugreen.es\/es\/#\/schema\/logo\/image\/","url":"https:\/\/www.niugreen.es\/wp-content\/uploads\/2019\/09\/Niugreen_reforma_sostenible.jpg","contentUrl":"https:\/\/www.niugreen.es\/wp-content\/uploads\/2019\/09\/Niugreen_reforma_sostenible.jpg","width":640,"height":969,"caption":"Niu Green"},"image":{"@id":"https:\/\/www.niugreen.es\/es\/#\/schema\/logo\/image\/"},"sameAs":["https:\/\/www.facebook.com\/niugreen.bcn\/?view_public_for=562042100831833","https:\/\/twitter.com\/projecteatic","https:\/\/www.instagram.com\/niugreen.bcn\/","https:\/\/www.linkedin.com\/company\/niugreen","https:\/\/www.youtube.com\/channel\/UCbKeg54t5Zv-9TsOuTLzi4Q"]}]}},"_links":{"self":[{"href":"https:\/\/www.niugreen.es\/es\/wp-json\/wp\/v2\/pages\/51"}],"collection":[{"href":"https:\/\/www.niugreen.es\/es\/wp-json\/wp\/v2\/pages"}],"about":[{"href":"https:\/\/www.niugreen.es\/es\/wp-json\/wp\/v2\/types\/page"}],"author":[{"embeddable":true,"href":"https:\/\/www.niugreen.es\/es\/wp-json\/wp\/v2\/users\/2"}],"replies":[{"embeddable":true,"href":"https:\/\/www.niugreen.es\/es\/wp-json\/wp\/v2\/comments?post=51"}],"version-history":[{"count":11,"href":"https:\/\/www.niugreen.es\/es\/wp-json\/wp\/v2\/pages\/51\/revisions"}],"predecessor-version":[{"id":1563,"href":"https:\/\/www.niugreen.es\/es\/wp-json\/wp\/v2\/pages\/51\/revisions\/1563"}],"wp:attachment":[{"href":"https:\/\/www.niugreen.es\/es\/wp-json\/wp\/v2\/media?parent=51"}],"curies":[{"name":"wp","href":"https:\/\/api.w.org\/{rel}","templated":true}]}}